{"id":435,"date":"2025-05-09T10:40:21","date_gmt":"2025-05-09T08:40:21","guid":{"rendered":"https:\/\/www.lekrushworkshopboutique.com\/?page_id=435"},"modified":"2026-02-27T19:38:01","modified_gmt":"2026-02-27T18:38:01","slug":"page-daccueil","status":"publish","type":"page","link":"https:\/\/www.lekrushworkshopboutique.com\/fr\/","title":{"rendered":"Oubliez le pr\u00eat-\u00e0-porter, passez au pr\u00eat-\u00e0-krusher !"},"content":{"rendered":"\n<h2 class=\"wp-block-heading\">Chez Le KRUSH workshop boutique on fabrique et personnalise pour vous, \u00e0 la demande.<\/h2>\n\n\n\n<p><strong>Le tissage, le tricotage, l\u2019impression ou encore la broderie sont fait \u00e0 la commande, \u00e0 votre demande. Pas de stock qui attendent de vous rencontrer et pas non plus de pollution par des d\u00e9chets de surproduction invendus.<\/strong><\/p>\n\n\n\n<p>Nos partenaires et fabricants tout autour du monde font tout pour optimiser et limiter au maximum la distance entre la production et vous qui allez Krusher sur nos cr\u00e9ations exclusives appliqu\u00e9es \u00e0 des supports de plus en plus vari\u00e9s mais toujours s\u00e9lectionn\u00e9s avec soin dans le respect des savoir-faire d\u2019hommes et de femmes qui les fabriquent et de notre environnement commun \u00e0 tous et toutes.<\/p>\n\n\n\n<h3 class=\"wp-block-heading\">Bienvenue chez Le KRUSH workshop boutique :<\/h3>\n\n\n\n<ul class=\"wp-block-list\">\n<li><a href=\"\/mode-femme\/\" data-type=\"product_cat\" data-id=\"56\">Mode femme<\/a><\/li>\n\n\n\n<li><a href=\"\/mode-homme\/\" data-type=\"product_cat\" data-id=\"33\">Mode homme<\/a><\/li>\n\n\n\n<li><a href=\"\/mode-enfant-bebe\/\" data-type=\"product_cat\" data-id=\"76\">Mode enfantine<\/a><\/li>\n\n\n\n<li><a href=\"\/lifestyle-et-decoration\/\" data-type=\"product_cat\" data-id=\"77\">Lifestyle et d\u00e9coration<\/a><\/li>\n<\/ul>\n\n\n\n<h3 class=\"wp-block-heading\">Les marques chez Le KRUSH workshop boutique :<\/h3>\n\n\n\n<ul class=\"wp-block-list\">\n<li><a href=\"\/marque\/paradis-perdus\/\" data-type=\"product_brand\" data-id=\"225\">Paradis Perdus\u00ae<\/a><\/li>\n<\/ul>\n\n\n\n<h3 class=\"wp-block-heading\">Les offres sur Le KRUSH workshop boutique :<\/h3>\n\n\n\n<ul class=\"wp-block-list\">\n<li><a href=\"\/nouveaux-articles-et-offres-en-cours\/\" data-type=\"product_cat\" data-id=\"15\">Les nouveaut\u00e9s<\/a> (tous les nouveaux produits et les offres en cours)<\/li>\n\n\n\n<li><a href=\"\/seconde-main-articles-reconditionnes-destockages-seconde-chance\/\" data-type=\"product_cat\" data-id=\"265\">Seconde main<\/a> (retours clients reconditionn\u00e9s ou d\u00e9stockages)<\/li>\n\n\n\n<li><a href=\"\/lexique-produit\/articles-en-soldes\/\" data-type=\"product_tag\" data-id=\"258\">Articles en soldes<\/a> (disponibles aux dates r\u00e9glementaires)<\/li>\n<\/ul>\n","protected":false},"excerpt":{"rendered":"<p>Chez Le KRUSH workshop boutique on fabrique et personnalise pour vous, \u00e0 la demande. Le tissage, le tricotage, l\u2019impression ou encore la broderie sont fait \u00e0 la commande, \u00e0 votre demande. Pas de stock qui attendent de vous rencontrer et pas non plus de pollution par des d\u00e9chets de surproduction invendus. Nos partenaires et fabricants [&hellip;]<\/p>\n","protected":false},"author":1,"featured_media":0,"parent":0,"menu_order":0,"comment_status":"closed","ping_status":"closed","template":"template-homepage.php","meta":{"jetpack_post_was_ever_published":false,"footnotes":""},"class_list":["post-435","page","type-page","status-publish","hentry"],"jetpack-related-posts":[{"id":5295,"url":"https:\/\/www.lekrushworkshopboutique.com\/fr\/information-a-propos\/","url_meta":{"origin":435,"position":0},"title":"Information \u00e0 propos de Le KRUSH workshop boutique","author":"LeKrush","date":"20 mars 2026","format":false,"excerpt":"Et c\u2019est ainsi que Le Krush ! Le KRUSH workshop boutique lorem ipsum dolor sit amet\u2026 Nos capsules cr\u00e9atives et histoires de mode Il \u00e9tait une histoire... Lorem ipsum dolor site amet\u2026","rel":"","context":"Article similaire","block_context":{"text":"Article similaire","link":""},"img":{"alt_text":"","src":"","width":0,"height":0},"classes":[]},{"id":528,"url":"https:\/\/www.lekrushworkshopboutique.com\/fr\/contacter-le-krush-workshop-boutique\/","url_meta":{"origin":435,"position":1},"title":"Contacter Le KRUSH workshop boutique","author":"LeKrush","date":"17 mai 2025","format":false,"excerpt":"Notre boutique est \u00e0 votre \u00e9coute, voici les informations utiles pour nous contacter. Par t\u00e9l\u00e9phone et messageries Nous vous r\u00e9pondons du lundi au vendredi de 9h00 \u00e0 13h00 et de 14h30 \u00e0 17h30.Notre site est accessible tous les jours de l\u2019ann\u00e9e. Sachez toutefois que nos \u00e9quipes sont indisponibles les samedis,\u2026","rel":"","context":"Article similaire","block_context":{"text":"Article similaire","link":""},"img":{"alt_text":"","src":"","width":0,"height":0},"classes":[]},{"id":549,"url":"https:\/\/www.lekrushworkshopboutique.com\/fr\/mentions-legales-utilisation-site\/","url_meta":{"origin":435,"position":2},"title":"Mentions l\u00e9gales et conditions d\u2019utilisation du site","author":"LeKrush","date":"20 mai 2025","format":false,"excerpt":"La poursuite de la navigation sur ce site vaut pour acceptation sans r\u00e9serve des dispositions d\u00e9crites dans les mentions l\u00e9gales et conditions d\u2019utilisation qui suivent. La version actuellement en ligne de ces mentions l\u00e9gales et conditions d\u2019utilisation est la seule opposable pendant toute la dur\u00e9e d\u2019utilisation du site et jusqu\u2019\u00e0\u2026","rel":"","context":"Article similaire","block_context":{"text":"Article similaire","link":""},"img":{"alt_text":"","src":"","width":0,"height":0},"classes":[]},{"id":3,"url":"https:\/\/www.lekrushworkshopboutique.com\/fr\/politique-de-confidentialite\/","url_meta":{"origin":435,"position":3},"title":"Politique de confidentialit\u00e9 de notre site","author":"LeKrush","date":"8 mai 2025","format":false,"excerpt":"La soci\u00e9t\u00e9 ALSO Fashion S.A.S, soucieuse des droits des individus, notamment au regard des traitements automatis\u00e9s et dans une volont\u00e9 de transparence avec son public, a mis en place une politique reprenant l\u2019ensemble de ces traitements, des finalit\u00e9s poursuivies par ces derniers ainsi que des moyens d\u2019actions \u00e0 la disposition\u2026","rel":"","context":"Article similaire","block_context":{"text":"Article similaire","link":""},"img":{"alt_text":"","src":"","width":0,"height":0},"classes":[]},{"id":2,"url":"https:\/\/www.lekrushworkshopboutique.com\/fr\/conditions-generales-de-vente-cgv\/","url_meta":{"origin":435,"position":4},"title":"Conditions G\u00e9n\u00e9rales de Vente (C.G.V.)","author":"LeKrush","date":"8 mai 2025","format":false,"excerpt":"La passation de commande sur ce site implique votre acceptation des pr\u00e9sentes Conditions G\u00e9n\u00e9rales de Vente (C.G.V.). Vous reconnaissez avoir pris connaissance de ces Conditions G\u00e9n\u00e9rales de Vente au moment de passer votre commande et les accepter sans r\u00e9serve. Nos Conditions G\u00e9n\u00e9rales de Vente pourrons \u00eatre modifi\u00e9es au fil du\u2026","rel":"","context":"Article similaire","block_context":{"text":"Article similaire","link":""},"img":{"alt_text":"","src":"","width":0,"height":0},"classes":[]},{"id":12,"url":"https:\/\/www.lekrushworkshopboutique.com\/fr\/panier\/","url_meta":{"origin":435,"position":5},"title":"Panier","author":"LeKrush","date":"8 mai 2025","format":false,"excerpt":"\u00c7a peut vous int\u00e9resser... Votre panier est actuellement vide\u00a0! Nouveau dans la boutique","rel":"","context":"Article similaire","block_context":{"text":"Article similaire","link":""},"img":{"alt_text":"","src":"","width":0,"height":0},"classes":[]}],"jetpack_sharing_enabled":true,"_links":{"self":[{"href":"https:\/\/www.lekrushworkshopboutique.com\/fr\/wp-json\/wp\/v2\/pages\/435","targetHints":{"allow":["GET"]}}],"collection":[{"href":"https:\/\/www.lekrushworkshopboutique.com\/fr\/wp-json\/wp\/v2\/pages"}],"about":[{"href":"https:\/\/www.lekrushworkshopboutique.com\/fr\/wp-json\/wp\/v2\/types\/page"}],"author":[{"embeddable":true,"href":"https:\/\/www.lekrushworkshopboutique.com\/fr\/wp-json\/wp\/v2\/users\/1"}],"replies":[{"embeddable":true,"href":"https:\/\/www.lekrushworkshopboutique.com\/fr\/wp-json\/wp\/v2\/comments?post=435"}],"version-history":[{"count":20,"href":"https:\/\/www.lekrushworkshopboutique.com\/fr\/wp-json\/wp\/v2\/pages\/435\/revisions"}],"predecessor-version":[{"id":4112,"href":"https:\/\/www.lekrushworkshopboutique.com\/fr\/wp-json\/wp\/v2\/pages\/435\/revisions\/4112"}],"wp:attachment":[{"href":"https:\/\/www.lekrushworkshopboutique.com\/fr\/wp-json\/wp\/v2\/media?parent=435"}],"curies":[{"name":"wp","href":"https:\/\/api.w.org\/{rel}","templated":true}]}}