{"id":5460,"date":"2026-05-03T11:49:25","date_gmt":"2026-05-03T09:49:25","guid":{"rendered":"https:\/\/www.lekrushworkshopboutique.com\/?page_id=5460"},"modified":"2026-05-03T12:04:49","modified_gmt":"2026-05-03T10:04:49","slug":"marque","status":"publish","type":"page","link":"https:\/\/www.lekrushworkshopboutique.com\/en\/marque\/","title":{"rendered":"Marque, label de mode et lifestyle"},"content":{"rendered":"<h2>Plus qu&rsquo;une simple signature, les marques et labels de mode et de d\u00e9coration agissent comme des sceaux de confiance et d&rsquo;identit\u00e9.\u00a0Ils incarnent une promesse : celle d&rsquo;un univers esth\u00e9tique singulier, d&rsquo;un savoir-faire sp\u00e9cifique ou d&rsquo;un engagement \u00e9thique.<\/h2>\n<h3>Dans un march\u00e9 sans cesse en mutation, ces r\u00e9f\u00e9rents guident nos choix en valorisant l&rsquo;excellence artisanale ou l&rsquo;innovation durable.<\/h3>\n<p><strong>Qu\u2019ils soient prestigieux ou confidentiels, ils transforment l&rsquo;objet ou le v\u00eatement en un v\u00e9ritable symbole d&rsquo;appartenance.<\/strong> Explorer ces maisons, c&rsquo;est d\u00e9couvrir l&rsquo;histoire et les valeurs qui se cachent derri\u00e8re chaque cr\u00e9ation pour sublimer notre quotidien avec sens.<\/p>\n<h3>Voici les Labels et marques de mode et lifestyle que vous pouvez retrouver chez Le Krush<\/h3>\n<ul>\n<li>\n<h4><a href=\"\/en\/marque\/paradis-perdus\/\"><img loading=\"lazy\" decoding=\"async\" data-attachment-id=\"5437\" data-permalink=\"https:\/\/www.lekrushworkshopboutique.com\/en\/marque\/attachment\/paradis-perdus-logo-de-marque-avec-monogramme-s%c6%a8\/\" data-orig-file=\"https:\/\/www.lekrushworkshopboutique.com\/wp-content\/uploads\/PARADIS-PERDUS-Logo-de-marque-avec-monogramme-S\u01a7.jpg\" data-orig-size=\"800,800\" data-comments-opened=\"1\" data-image-meta=\"{&quot;aperture&quot;:&quot;0&quot;,&quot;credit&quot;:&quot;&quot;,&quot;camera&quot;:&quot;&quot;,&quot;caption&quot;:&quot;&quot;,&quot;created_timestamp&quot;:&quot;0&quot;,&quot;copyright&quot;:&quot;&quot;,&quot;focal_length&quot;:&quot;0&quot;,&quot;iso&quot;:&quot;0&quot;,&quot;shutter_speed&quot;:&quot;0&quot;,&quot;title&quot;:&quot;&quot;,&quot;orientation&quot;:&quot;1&quot;}\" data-image-title=\"PARADIS PERDUS Logo de marque avec monogramme S\u01a7\" data-image-description=\"\" data-image-caption=\"\" data-large-file=\"https:\/\/www.lekrushworkshopboutique.com\/wp-content\/uploads\/PARADIS-PERDUS-Logo-de-marque-avec-monogramme-S\u01a7.jpg\" class=\"wp-image-5437 size-thumbnail\" src=\"https:\/\/www.lekrushworkshopboutique.com\/wp-content\/uploads\/PARADIS-PERDUS-Logo-de-marque-avec-monogramme-S\u01a7-320x320.jpg\" alt=\"PARADIS PERDUS Logo de marque avec monogramme S\u01a7\" width=\"320\" height=\"320\" title=\"\" srcset=\"https:\/\/www.lekrushworkshopboutique.com\/wp-content\/uploads\/PARADIS-PERDUS-Logo-de-marque-avec-monogramme-S\u01a7-320x320.jpg 320w, https:\/\/www.lekrushworkshopboutique.com\/wp-content\/uploads\/PARADIS-PERDUS-Logo-de-marque-avec-monogramme-S\u01a7-640x640.jpg 640w, https:\/\/www.lekrushworkshopboutique.com\/wp-content\/uploads\/PARADIS-PERDUS-Logo-de-marque-avec-monogramme-S\u01a7-768x768.jpg 768w, https:\/\/www.lekrushworkshopboutique.com\/wp-content\/uploads\/PARADIS-PERDUS-Logo-de-marque-avec-monogramme-S\u01a7-12x12.jpg 12w, https:\/\/www.lekrushworkshopboutique.com\/wp-content\/uploads\/PARADIS-PERDUS-Logo-de-marque-avec-monogramme-S\u01a7-324x324.jpg 324w, https:\/\/www.lekrushworkshopboutique.com\/wp-content\/uploads\/PARADIS-PERDUS-Logo-de-marque-avec-monogramme-S\u01a7-416x416.jpg 416w, https:\/\/www.lekrushworkshopboutique.com\/wp-content\/uploads\/PARADIS-PERDUS-Logo-de-marque-avec-monogramme-S\u01a7-100x100.jpg 100w, https:\/\/www.lekrushworkshopboutique.com\/wp-content\/uploads\/PARADIS-PERDUS-Logo-de-marque-avec-monogramme-S\u01a7-96x96.jpg 96w, https:\/\/www.lekrushworkshopboutique.com\/wp-content\/uploads\/PARADIS-PERDUS-Logo-de-marque-avec-monogramme-S\u01a7-150x150.jpg 150w, https:\/\/www.lekrushworkshopboutique.com\/wp-content\/uploads\/PARADIS-PERDUS-Logo-de-marque-avec-monogramme-S\u01a7.jpg 800w\" sizes=\"auto, (max-width: 320px) 100vw, 320px\" \/>Paradis Perdus<sup>\u00ae<\/sup><\/a><\/h4>\n<\/li>\n<\/ul>","protected":false},"excerpt":{"rendered":"<p>Plus qu&rsquo;une simple signature, les marques et labels de mode et de d\u00e9coration agissent comme des sceaux de confiance et d&rsquo;identit\u00e9.\u00a0Ils incarnent une promesse : celle d&rsquo;un univers esth\u00e9tique singulier, d&rsquo;un savoir-faire sp\u00e9cifique ou d&rsquo;un engagement \u00e9thique. Dans un march\u00e9 sans cesse en mutation, ces r\u00e9f\u00e9rents guident nos choix en valorisant l&rsquo;excellence artisanale ou l&rsquo;innovation [&hellip;]<\/p>\n","protected":false},"author":1,"featured_media":0,"parent":0,"menu_order":0,"comment_status":"closed","ping_status":"closed","template":"","meta":{"jetpack_post_was_ever_published":false,"footnotes":""},"class_list":["post-5460","page","type-page","status-publish","hentry"],"jetpack-related-posts":[{"id":5451,"url":"https:\/\/www.lekrushworkshopboutique.com\/en\/createur-designer-styliste-mode-lifestyle\/","url_meta":{"origin":5460,"position":0},"title":"Cr\u00e9ateur, Designer, Styliste de mode et lifestyle","author":"LeKrush","date":"3 May 2026","format":false,"excerpt":"Au croisement de l\u2019Art et du quotidien, le Cr\u00e9ateur, Designer, Styliste, fa\u00e7onne notre environnement pour le rendre \u00e0 la fois esth\u00e9tique et fonctionnel. Que ce soit par la coupe d'un v\u00eatement ou l'agencement d'un espace de vie, ces artisans experts de l\u2019allure transforment des concepts abstraits en r\u00e9alit\u00e9s tangibles et\u2026","rel":"","context":"Similar post","block_context":{"text":"Similar post","link":""},"img":{"alt_text":"","src":"","width":0,"height":0},"classes":[]},{"id":435,"url":"https:\/\/www.lekrushworkshopboutique.com\/en\/","url_meta":{"origin":5460,"position":1},"title":"Oubliez le pr\u00eat-\u00e0-porter, passez au pr\u00eat-\u00e0-krusher !","author":"LeKrush","date":"9 May 2025","format":false,"excerpt":"Chez Le KRUSH workshop boutique on fabrique et personnalise pour vous, \u00e0 la demande. Le tissage, le tricotage, l\u2019impression ou encore la broderie sont fait \u00e0 la commande, \u00e0 votre demande. Pas de stock qui attendent de vous rencontrer et pas non plus de pollution par des d\u00e9chets de surproduction\u2026","rel":"","context":"Similar post","block_context":{"text":"Similar post","link":""},"img":{"alt_text":"","src":"","width":0,"height":0},"classes":[]},{"id":15,"url":"https:\/\/www.lekrushworkshopboutique.com\/en\/plan-du-site\/","url_meta":{"origin":5460,"position":2},"title":"Plan du site","author":"LeKrush","date":"20 May 2025","format":false,"excerpt":"Le plan du site c'est tous nos articles, toutes les pages, toutes les univers\u00a0homme femme enfant lifestyle et d\u00e9coration de notre site sur une m\u00eame page vous offre une vue d'ensemble de ses contenus et vous permet de rep\u00e9rer simplement ce que vous cherchez. Si vous pr\u00e9f\u00e9rez parcourir notre catalogue\u2026","rel":"","context":"Similar post","block_context":{"text":"Similar post","link":""},"img":{"alt_text":"","src":"","width":0,"height":0},"classes":[]},{"id":5295,"url":"https:\/\/www.lekrushworkshopboutique.com\/en\/information-a-propos\/","url_meta":{"origin":5460,"position":3},"title":"Information \u00e0 propos de Le KRUSH workshop boutique","author":"LeKrush","date":"20 March 2026","format":false,"excerpt":"Et c\u2019est ainsi que Le Krush ! Le KRUSH workshop boutique lorem ipsum dolor sit amet\u2026 Nos capsules cr\u00e9atives et histoires de mode Il \u00e9tait une histoire... Lorem ipsum dolor site amet\u2026","rel":"","context":"Similar post","block_context":{"text":"Similar post","link":""},"img":{"alt_text":"","src":"","width":0,"height":0},"classes":[]},{"id":528,"url":"https:\/\/www.lekrushworkshopboutique.com\/en\/contacter-le-krush-workshop-boutique\/","url_meta":{"origin":5460,"position":4},"title":"Contacter Le KRUSH workshop boutique","author":"LeKrush","date":"17 May 2025","format":false,"excerpt":"Notre boutique est \u00e0 votre \u00e9coute, voici les informations utiles pour nous contacter. Par t\u00e9l\u00e9phone et messageries Nous vous r\u00e9pondons du lundi au vendredi de 9h00 \u00e0 13h00 et de 14h30 \u00e0 17h30.Notre site est accessible tous les jours de l\u2019ann\u00e9e. Sachez toutefois que nos \u00e9quipes sont indisponibles les samedis,\u2026","rel":"","context":"Similar post","block_context":{"text":"Similar post","link":""},"img":{"alt_text":"","src":"","width":0,"height":0},"classes":[]},{"id":2,"url":"https:\/\/www.lekrushworkshopboutique.com\/en\/conditions-generales-de-vente-cgv\/","url_meta":{"origin":5460,"position":5},"title":"Conditions G\u00e9n\u00e9rales de Vente (C.G.V.)","author":"LeKrush","date":"8 May 2025","format":false,"excerpt":"La passation de commande sur ce site implique votre acceptation des pr\u00e9sentes Conditions G\u00e9n\u00e9rales de Vente (C.G.V.). Vous reconnaissez avoir pris connaissance de ces Conditions G\u00e9n\u00e9rales de Vente au moment de passer votre commande et les accepter sans r\u00e9serve. Nos Conditions G\u00e9n\u00e9rales de Vente pourrons \u00eatre modifi\u00e9es au fil du\u2026","rel":"","context":"Similar post","block_context":{"text":"Similar post","link":""},"img":{"alt_text":"","src":"","width":0,"height":0},"classes":[]}],"jetpack_sharing_enabled":true,"_links":{"self":[{"href":"https:\/\/www.lekrushworkshopboutique.com\/en\/wp-json\/wp\/v2\/pages\/5460","targetHints":{"allow":["GET"]}}],"collection":[{"href":"https:\/\/www.lekrushworkshopboutique.com\/en\/wp-json\/wp\/v2\/pages"}],"about":[{"href":"https:\/\/www.lekrushworkshopboutique.com\/en\/wp-json\/wp\/v2\/types\/page"}],"author":[{"embeddable":true,"href":"https:\/\/www.lekrushworkshopboutique.com\/en\/wp-json\/wp\/v2\/users\/1"}],"replies":[{"embeddable":true,"href":"https:\/\/www.lekrushworkshopboutique.com\/en\/wp-json\/wp\/v2\/comments?post=5460"}],"version-history":[{"count":10,"href":"https:\/\/www.lekrushworkshopboutique.com\/en\/wp-json\/wp\/v2\/pages\/5460\/revisions"}],"predecessor-version":[{"id":5470,"href":"https:\/\/www.lekrushworkshopboutique.com\/en\/wp-json\/wp\/v2\/pages\/5460\/revisions\/5470"}],"wp:attachment":[{"href":"https:\/\/www.lekrushworkshopboutique.com\/en\/wp-json\/wp\/v2\/media?parent=5460"}],"curies":[{"name":"wp","href":"https:\/\/api.w.org\/{rel}","templated":true}]}}