{"id":5451,"date":"2026-05-03T11:13:08","date_gmt":"2026-05-03T09:13:08","guid":{"rendered":"https:\/\/www.lekrushworkshopboutique.com\/?page_id=5451"},"modified":"2026-05-03T11:26:29","modified_gmt":"2026-05-03T09:26:29","slug":"createur-designer-styliste-mode-lifestyle","status":"publish","type":"page","link":"https:\/\/www.lekrushworkshopboutique.com\/en\/createur-designer-styliste-mode-lifestyle\/","title":{"rendered":"Cr\u00e9ateur, Designer, Styliste de mode et lifestyle"},"content":{"rendered":"<h2>Au croisement de l\u2019Art et du quotidien, le Cr\u00e9ateur, Designer, Styliste, fa\u00e7onne notre environnement pour le rendre \u00e0 la fois esth\u00e9tique et fonctionnel.<\/h2>\n<h3>Que ce soit par la coupe d&rsquo;<a href=\"\/en\/collection\/\">un v\u00eatement ou l&rsquo;agencement d&rsquo;un espace de vie<\/a>, ces artisans experts de l\u2019allure transforment des concepts abstraits en r\u00e9alit\u00e9s tangibles et d\u00e9sirables.<\/h3>\n<p><strong>Leur mission ? Capturer l&rsquo;air du temps pour sublimer nos int\u00e9rieurs et nos silhouettes.<\/strong> Entre ma\u00eetrise technique et intuition cr\u00e9ative, ils r\u00e9inventent chaque saison les couleurs, les volumes et les mati\u00e8res pour nous offrir une <a href=\"\/en\/nouveaux-articles-offres-en-cours\/\">exp\u00e9rience sensorielle unique<\/a>, o\u00f9 chaque d\u00e9tail devient le reflet d&rsquo;un <a href=\"\/en\/capsules-mode-creation\/\">art de vivre adapt\u00e9 \u00e0 chacun<\/a>.<\/p>\n<h3>Voici les Designers que vous pouvez retrouver chez Le Krush<\/h3>\n<p><strong>Cr\u00e9ateur, Designer, Styliste en solo<\/strong> ou dans le cadre de <strong>collaboration ponctuelle<\/strong> avec les <a href=\"\/en\/marque\/\">marques du site<\/a>&#8230;<\/p>\n<ul>\n<li>\n<h4><a href=\"\/en\/createur-designer-styliste-mode-lifestyle\/ines-bellec\/\" target=\"_blank\" rel=\"noopener\">In\u00e8s BELLEC<\/a><\/h4>\n<\/li>\n<\/ul>","protected":false},"excerpt":{"rendered":"<p>Au croisement de l\u2019Art et du quotidien, le Cr\u00e9ateur, Designer, Styliste, fa\u00e7onne notre environnement pour le rendre \u00e0 la fois esth\u00e9tique et fonctionnel. Que ce soit par la coupe d&rsquo;un v\u00eatement ou l&rsquo;agencement d&rsquo;un espace de vie, ces artisans experts de l\u2019allure transforment des concepts abstraits en r\u00e9alit\u00e9s tangibles et d\u00e9sirables. Leur mission ? Capturer [&hellip;]<\/p>\n","protected":false},"author":1,"featured_media":0,"parent":0,"menu_order":0,"comment_status":"closed","ping_status":"closed","template":"","meta":{"jetpack_post_was_ever_published":false,"footnotes":""},"class_list":["post-5451","page","type-page","status-publish","hentry"],"jetpack-related-posts":[{"id":11,"url":"https:\/\/www.lekrushworkshopboutique.com\/en\/collection\/","url_meta":{"origin":5451,"position":0},"title":"Collection","author":"LeKrush","date":"8 May 2025","format":false,"excerpt":"Vous en avez assez de ressembler \u00e0 tout le monde ? Changez de style \u00e0 l'envie... et \u00e0 la demande ! La collection Le KRUSH c'est des cr\u00e9ations originales pour toute la famille... et la vie qui va autour ! En plus de nos designs exclusifs et introuvables ailleurs, notre\u2026","rel":"","context":"Similar post","block_context":{"text":"Similar post","link":""},"img":{"alt_text":"","src":"","width":0,"height":0},"classes":[]},{"id":528,"url":"https:\/\/www.lekrushworkshopboutique.com\/en\/contacter-le-krush-workshop-boutique\/","url_meta":{"origin":5451,"position":1},"title":"Contacter Le KRUSH workshop boutique","author":"LeKrush","date":"17 May 2025","format":false,"excerpt":"Notre boutique est \u00e0 votre \u00e9coute, voici les informations utiles pour nous contacter. Par t\u00e9l\u00e9phone et messageries Nous vous r\u00e9pondons du lundi au vendredi de 9h00 \u00e0 13h00 et de 14h30 \u00e0 17h30.Notre site est accessible tous les jours de l\u2019ann\u00e9e. Sachez toutefois que nos \u00e9quipes sont indisponibles les samedis,\u2026","rel":"","context":"Similar post","block_context":{"text":"Similar post","link":""},"img":{"alt_text":"","src":"","width":0,"height":0},"classes":[]},{"id":5460,"url":"https:\/\/www.lekrushworkshopboutique.com\/en\/marque\/","url_meta":{"origin":5451,"position":2},"title":"Marque, label de mode et lifestyle","author":"LeKrush","date":"3 May 2026","format":false,"excerpt":"Plus qu'une simple signature, les marques et labels de mode et de d\u00e9coration agissent comme des sceaux de confiance et d'identit\u00e9.\u00a0Ils incarnent une promesse : celle d'un univers esth\u00e9tique singulier, d'un savoir-faire sp\u00e9cifique ou d'un engagement \u00e9thique. Dans un march\u00e9 sans cesse en mutation, ces r\u00e9f\u00e9rents guident nos choix en\u2026","rel":"","context":"Similar post","block_context":{"text":"Similar post","link":""},"img":{"alt_text":"PARADIS PERDUS Logo de marque avec monogramme S\u01a7","src":"https:\/\/i0.wp.com\/www.lekrushworkshopboutique.com\/wp-content\/uploads\/PARADIS-PERDUS-Logo-de-marque-avec-monogramme-S%C6%A7-320x320.jpg?resize=350%2C200&ssl=1","width":350,"height":200},"classes":[]},{"id":549,"url":"https:\/\/www.lekrushworkshopboutique.com\/en\/mentions-legales-utilisation-site\/","url_meta":{"origin":5451,"position":3},"title":"Mentions l\u00e9gales et conditions d\u2019utilisation du site","author":"LeKrush","date":"20 May 2025","format":false,"excerpt":"La poursuite de la navigation sur ce site vaut pour acceptation sans r\u00e9serve des dispositions d\u00e9crites dans les mentions l\u00e9gales et conditions d\u2019utilisation qui suivent. La version actuellement en ligne de ces mentions l\u00e9gales et conditions d\u2019utilisation est la seule opposable pendant toute la dur\u00e9e d\u2019utilisation du site et jusqu\u2019\u00e0\u2026","rel":"","context":"Similar post","block_context":{"text":"Similar post","link":""},"img":{"alt_text":"","src":"","width":0,"height":0},"classes":[]},{"id":2,"url":"https:\/\/www.lekrushworkshopboutique.com\/en\/conditions-generales-de-vente-cgv\/","url_meta":{"origin":5451,"position":4},"title":"Conditions G\u00e9n\u00e9rales de Vente (C.G.V.)","author":"LeKrush","date":"8 May 2025","format":false,"excerpt":"La passation de commande sur ce site implique votre acceptation des pr\u00e9sentes Conditions G\u00e9n\u00e9rales de Vente (C.G.V.). Vous reconnaissez avoir pris connaissance de ces Conditions G\u00e9n\u00e9rales de Vente au moment de passer votre commande et les accepter sans r\u00e9serve. Nos Conditions G\u00e9n\u00e9rales de Vente pourrons \u00eatre modifi\u00e9es au fil du\u2026","rel":"","context":"Similar post","block_context":{"text":"Similar post","link":""},"img":{"alt_text":"","src":"","width":0,"height":0},"classes":[]},{"id":3,"url":"https:\/\/www.lekrushworkshopboutique.com\/en\/politique-de-confidentialite\/","url_meta":{"origin":5451,"position":5},"title":"Politique de confidentialit\u00e9 de notre site","author":"LeKrush","date":"8 May 2025","format":false,"excerpt":"La soci\u00e9t\u00e9 ALSO Fashion S.A.S, soucieuse des droits des individus, notamment au regard des traitements automatis\u00e9s et dans une volont\u00e9 de transparence avec son public, a mis en place une politique reprenant l\u2019ensemble de ces traitements, des finalit\u00e9s poursuivies par ces derniers ainsi que des moyens d\u2019actions \u00e0 la disposition\u2026","rel":"","context":"Similar post","block_context":{"text":"Similar post","link":""},"img":{"alt_text":"","src":"","width":0,"height":0},"classes":[]}],"jetpack_sharing_enabled":true,"_links":{"self":[{"href":"https:\/\/www.lekrushworkshopboutique.com\/en\/wp-json\/wp\/v2\/pages\/5451","targetHints":{"allow":["GET"]}}],"collection":[{"href":"https:\/\/www.lekrushworkshopboutique.com\/en\/wp-json\/wp\/v2\/pages"}],"about":[{"href":"https:\/\/www.lekrushworkshopboutique.com\/en\/wp-json\/wp\/v2\/types\/page"}],"author":[{"embeddable":true,"href":"https:\/\/www.lekrushworkshopboutique.com\/en\/wp-json\/wp\/v2\/users\/1"}],"replies":[{"embeddable":true,"href":"https:\/\/www.lekrushworkshopboutique.com\/en\/wp-json\/wp\/v2\/comments?post=5451"}],"version-history":[{"count":7,"href":"https:\/\/www.lekrushworkshopboutique.com\/en\/wp-json\/wp\/v2\/pages\/5451\/revisions"}],"predecessor-version":[{"id":5456,"href":"https:\/\/www.lekrushworkshopboutique.com\/en\/wp-json\/wp\/v2\/pages\/5451\/revisions\/5456"}],"wp:attachment":[{"href":"https:\/\/www.lekrushworkshopboutique.com\/en\/wp-json\/wp\/v2\/media?parent=5451"}],"curies":[{"name":"wp","href":"https:\/\/api.w.org\/{rel}","templated":true}]}}